{"id":561,"date":"2015-07-20T13:45:14","date_gmt":"2015-07-20T13:45:14","guid":{"rendered":"http:\/\/proliniarut.ro\/hu\/?page_id=561"},"modified":"2015-08-06T12:45:24","modified_gmt":"2015-08-06T12:45:24","slug":"kapcsolat","status":"publish","type":"page","link":"https:\/\/proliniarut.ro\/hu\/kapcsolat\/","title":{"rendered":"KAPCSOLAT"},"content":{"rendered":"<div class=\"contact-box\">\n<p><strong>\u00c9rt\u00e9kes\u00edt\u00e9s<\/strong><br \/>\nBartha Szil\u00e1rd<\/p>\n<p>Tel: 0040773921908<\/p>\n<p>E-mail: <a href=\"mailto:bartha.szilard@proliniarut.ro\">bartha.szilard@proliniarut.ro<\/a><\/p>\n<\/div>\n<div class=\"hline\"><\/div>\n<div role=\"form\" class=\"wpcf7\" id=\"wpcf7-f625-o1\" lang=\"en-US\" dir=\"ltr\">\n<div class=\"screen-reader-response\"><\/div>\n<form action=\"\/hu\/wp-json\/wp\/v2\/pages\/561#wpcf7-f625-o1\" method=\"post\" class=\"wpcf7-form\" novalidate=\"novalidate\">\n<div style=\"display: none;\">\n<input type=\"hidden\" name=\"_wpcf7\" value=\"625\" \/>\n<input type=\"hidden\" name=\"_wpcf7_version\" value=\"4.9\" \/>\n<input type=\"hidden\" name=\"_wpcf7_locale\" value=\"en_US\" \/>\n<input type=\"hidden\" name=\"_wpcf7_unit_tag\" value=\"wpcf7-f625-o1\" \/>\n<input type=\"hidden\" name=\"_wpcf7_container_post\" value=\"0\" \/>\n<\/div>\n<div style=\"\">\n<div style=\"\">\n<p style=\"\">N\u00e9v  <span class=\"wpcf7-form-control-wrap your-name\"><input type=\"text\" name=\"your-name\" value=\"\" size=\"40\" class=\"wpcf7-form-control wpcf7-text wpcf7-validates-as-required\" aria-required=\"true\" aria-invalid=\"false\" \/><\/span><\/p>\n<p style=\"\">Email  <span class=\"wpcf7-form-control-wrap your-email\"><input type=\"email\" name=\"your-email\" value=\"\" size=\"40\" class=\"wpcf7-form-control wpcf7-text wpcf7-email wpcf7-validates-as-required wpcf7-validates-as-email\" aria-required=\"true\" aria-invalid=\"false\" \/><\/span><\/p>\n<p> <span class=\"wpcf7-form-control-wrap your-message\"><textarea name=\"your-message\" cols=\"40\" rows=\"10\" class=\"wpcf7-form-control wpcf7-textarea\" aria-invalid=\"false\"><\/textarea><\/span> <\/p>\n<p style=\"\">\n<input type=\"hidden\" name=\"_wpcf7_captcha_challenge_captcha-3\" value=\"2412242963\" \/><img loading=\"lazy\" decoding=\"async\" class=\"wpcf7-form-control wpcf7-captchac wpcf7-captcha-captcha-3\" width=\"72\" height=\"24\" alt=\"captcha\" src=\"https:\/\/proliniarut.ro\/wp-content\/uploads\/wpcf7_captcha\/2412242963.png\" \/><span class=\"wpcf7-form-control-wrap captcha-3\"><input type=\"text\" name=\"captcha-3\" value=\"\" size=\"40\" class=\"wpcf7-form-control wpcf7-captchar\" autocomplete=\"off\" aria-invalid=\"false\" \/><\/span><\/p>\n<p><span class=\"wpcf7-form-control-wrap checkbox-307\"><span class=\"wpcf7-form-control wpcf7-checkbox wpcf7-validates-as-required\"><span class=\"wpcf7-list-item first last\"><input type=\"checkbox\" name=\"checkbox-307[]\" value=\"Prin utilizarea acestui formular sunteti de acord cu stocarea si manipularea datelor dvs. pe acest site web.\" \/><span class=\"wpcf7-list-item-label\">Prin utilizarea acestui formular sunteti de acord cu stocarea si manipularea datelor dvs. pe acest site web.<\/span><\/span><\/span><\/span><\/p>\n<p style=\"\"><input type=\"submit\" value=\"K\u00fcld\u00e9s\" class=\"wpcf7-form-control wpcf7-submit\" \/><\/p>\n<\/div>\n<div style=\"\">\n<\/div>\n<\/div>\n<div class=\"wpcf7-response-output wpcf7-display-none\"><\/div><\/form><\/div>\n<div class=\"hline\"><\/div>\n<p><!--div style=\"margin: 20px 0 20px 50px;\">[mapsmarker marker=\"2\"]<\/div-->\n<div class=\"hline\"><\/div>\n<div style=\"margin: 10px 0 20px 50px; color: #777;\">Sc PROLINIARUT SRL<br \/>\nCUI J26\/24\/2012<br \/>\nRO 29533745<br \/>\nPORUMBEI utca, 41B sz\u00e1m<br \/>\nSZ\u00c1SZR\u00c9GEN, MAROS MEGYE<\/div>\n","protected":false},"excerpt":{"rendered":"<p>\u00c9rt\u00e9kes\u00edt\u00e9s Bartha Szil\u00e1rd Tel: 0040773921908 E-mail: bartha.szilard@proliniarut.ro Sc PROLINIARUT SRL CUI J26\/24\/2012 RO 29533745 PORUMBEI utca, 41B sz\u00e1m SZ\u00c1SZR\u00c9GEN, MAROS MEGYE<\/p>\n","protected":false},"author":2,"featured_media":0,"parent":0,"menu_order":0,"comment_status":"closed","ping_status":"closed","template":"","meta":{"footnotes":""},"class_list":["post-561","page","type-page","status-publish","hentry"],"acf":[],"_links":{"self":[{"href":"https:\/\/proliniarut.ro\/hu\/wp-json\/wp\/v2\/pages\/561","targetHints":{"allow":["GET"]}}],"collection":[{"href":"https:\/\/proliniarut.ro\/hu\/wp-json\/wp\/v2\/pages"}],"about":[{"href":"https:\/\/proliniarut.ro\/hu\/wp-json\/wp\/v2\/types\/page"}],"author":[{"embeddable":true,"href":"https:\/\/proliniarut.ro\/hu\/wp-json\/wp\/v2\/users\/2"}],"replies":[{"embeddable":true,"href":"https:\/\/proliniarut.ro\/hu\/wp-json\/wp\/v2\/comments?post=561"}],"version-history":[{"count":8,"href":"https:\/\/proliniarut.ro\/hu\/wp-json\/wp\/v2\/pages\/561\/revisions"}],"predecessor-version":[{"id":676,"href":"https:\/\/proliniarut.ro\/hu\/wp-json\/wp\/v2\/pages\/561\/revisions\/676"}],"wp:attachment":[{"href":"https:\/\/proliniarut.ro\/hu\/wp-json\/wp\/v2\/media?parent=561"}],"curies":[{"name":"wp","href":"https:\/\/api.w.org\/{rel}","templated":true}]}}